{"id":282,"date":"2015-11-21T19:19:08","date_gmt":"2015-11-21T18:19:08","guid":{"rendered":"http:\/\/lofoten-ferienhaus.info\/wp\/?page_id=282"},"modified":"2015-11-27T19:41:11","modified_gmt":"2015-11-27T18:41:11","slug":"english-routenempfehlung-zur-anreise-mit-dem-auto","status":"publish","type":"page","link":"https:\/\/lofoten-ferienhaus.info\/en\/anreise\/english-routenempfehlung-zur-anreise-mit-dem-auto\/","title":{"rendered":"driveway by car"},"content":{"rendered":"<p><\/p>\n<hr align=\"center\" width=\"100%\" \/>\n<p><strong>driveway by car<\/strong><\/p>\n<hr align=\"center\" width=\"100%\" \/>\n<p><a href=\"http:\/\/lofoten-ferienhaus.info\/wp-content\/uploads\/2015\/11\/image12701.jpg\"><img loading=\"lazy\" class=\"alignnone size-medium wp-image-248\" src=\"http:\/\/lofoten-ferienhaus.info\/wp-content\/uploads\/2015\/11\/image12701-300x225.jpg\" alt=\"image1270\" width=\"300\" height=\"225\" srcset=\"https:\/\/lofoten-ferienhaus.info\/wp-content\/uploads\/2015\/11\/image12701-300x225.jpg 300w, https:\/\/lofoten-ferienhaus.info\/wp-content\/uploads\/2015\/11\/image12701.jpg 329w\" sizes=\"(max-width: 300px) 100vw, 300px\" \/><\/a> <a href=\"http:\/\/lofoten-ferienhaus.info\/wp-content\/uploads\/2015\/11\/image1122.jpg\"><img loading=\"lazy\" class=\"alignnone size-medium wp-image-247\" src=\"http:\/\/lofoten-ferienhaus.info\/wp-content\/uploads\/2015\/11\/image1122-300x225.jpg\" alt=\"image1122\" width=\"300\" height=\"225\" srcset=\"https:\/\/lofoten-ferienhaus.info\/wp-content\/uploads\/2015\/11\/image1122-300x225.jpg 300w, https:\/\/lofoten-ferienhaus.info\/wp-content\/uploads\/2015\/11\/image1122.jpg 328w\" sizes=\"(max-width: 300px) 100vw, 300px\" \/><\/a><\/p>\n<hr align=\"center\" width=\"100%\" \/>\n<p>ferryboat from Sa\u00dfnitz mit der F\u00e4hre to TRrelleborg.<\/p>\n<p>Tip: by www.scandlines.de ferryboat 150 Euros when returnticket existing<\/p>\n<p><span lang=\"de\">E6 direction Helsingborg<\/span><\/p>\n<p><span lang=\"de\">E4 direction J\u00f6nk\u00f6ping<\/span><\/p>\n<p><span lang=\"de\">E4 <span lang=\"de\">direction<\/span> Stockholm<\/span><\/p>\n<p><span lang=\"de\">E4 <span lang=\"de\">direction<\/span> Umea<\/span><\/p>\n<p><span lang=\"de\">\u00dcbernachtung\u00a0\u00a0\u00a0\u00a0\u00a0 bis 7:00 Uhr<br \/>\n<\/span><\/p>\n<p>overnight stay till 7 a.m.<\/p>\n<p><span lang=\"de\">E4 <span lang=\"de\">direction<\/span> Skelleftteaft<\/span><\/p>\n<p><span lang=\"de\">95 <span lang=\"de\">direction<\/span> Avidsjaur<\/span><\/p>\n<p><span lang=\"de\">95 Richtung Junketalen Grenze zu Norwegen<\/span><\/p>\n<p>77 <span lang=\"de\">direction<\/span> Storjord<\/p>\n<p><b>Tip:<\/b> journey 3 till 5 hours to Bod\u00f6!<\/p>\n<p><span lang=\"de\">E6 <span lang=\"de\">direction<\/span> Fauske<\/span><\/p>\n<p><span lang=\"de\">80 <span lang=\"de\">direction<\/span> Bod\u00f6<\/span><\/p>\n<p>ferryboat\u00a0\u00a0<span lang=\"de\">Bod\u00f6-Moskenes<\/span>\u00a0 least 8o Euros one car and 20 Euros one person<\/p>\n<p><span lang=\"de\">Moskenes<\/span><\/p>\n<p><span lang=\"de\">E19 <span lang=\"de\"><span lang=\"de\">direction<\/span><\/span> Ramberg<\/span><\/p>\n<p>5 km heading Ramberg to the left to Skjelford<\/p>\n<p>in front of the house you find a plate showing a Troll<\/p>\n<p>&nbsp;<\/p>\n<p><strong>You are welc0me !!!!!<\/strong><\/p>\n<p>&nbsp;<\/p>\n<p>&nbsp;<\/p>\n<p>in spite of other driveways you should prefer this route in wintertime<\/p>\n<p>Informations by phone p.e. Junketalen 0047175 oder 0047177<\/p>\n<p>&nbsp;<\/p>\n<p>&nbsp;<\/p>\n<hr align=\"center\" width=\"100%\" \/>\n<p><a href=\"http:\/\/lofoten-ferienhaus.info\/wp-content\/uploads\/2015\/11\/m-haus2.jpg\"><img loading=\"lazy\" class=\"alignnone size-medium wp-image-78\" src=\"http:\/\/lofoten-ferienhaus.info\/wp-content\/uploads\/2015\/11\/m-haus2-300x225.jpg\" alt=\"m-haus2\" width=\"300\" height=\"225\" srcset=\"https:\/\/lofoten-ferienhaus.info\/wp-content\/uploads\/2015\/11\/m-haus2-300x225.jpg 300w, https:\/\/lofoten-ferienhaus.info\/wp-content\/uploads\/2015\/11\/m-haus2.jpg 800w\" sizes=\"(max-width: 300px) 100vw, 300px\" \/> <\/a><a href=\"http:\/\/lofoten-ferienhaus.info\/wp-content\/uploads\/2015\/11\/m-Faehre.jpg\"><img loading=\"lazy\" class=\"alignnone size-medium wp-image-57\" src=\"http:\/\/lofoten-ferienhaus.info\/wp-content\/uploads\/2015\/11\/m-Faehre-300x225.jpg\" alt=\"m-Faehre\" width=\"300\" height=\"225\" srcset=\"https:\/\/lofoten-ferienhaus.info\/wp-content\/uploads\/2015\/11\/m-Faehre-300x225.jpg 300w, https:\/\/lofoten-ferienhaus.info\/wp-content\/uploads\/2015\/11\/m-Faehre.jpg 800w\" sizes=\"(max-width: 300px) 100vw, 300px\" \/><\/a><\/p>\n<hr align=\"center\" width=\"100%\" \/>\n<p>&nbsp;<\/p>\n<p><strong>ferryboat:<\/strong><\/p>\n<p>from Bod\u00f6 to Moskenes one person 16 Euros<\/p>\n<p>from Rostock to Trelleburg one person &#8211; 115 EUR<\/p>\n<p>fro Moskenes to Fredvang one way 30 Euros<\/p>\n<hr align=\"center\" width=\"100%\" \/><\/p>","protected":false},"excerpt":{"rendered":"<p>driveway by car ferryboat from Sa\u00dfnitz mit der F\u00e4hre to TRrelleborg. Tip: by www.scandlines.de ferryboat 150 Euros when returnticket existing E6 direction Helsingborg E4 direction J\u00f6nk\u00f6ping E4 direction Stockholm E4 direction Umea \u00dcbernachtung\u00a0\u00a0\u00a0\u00a0\u00a0 bis 7:00 Uhr overnight stay till 7 a.m. E4 direction Skelleftteaft 95 direction Avidsjaur 95 Richtung Junketalen Grenze zu Norwegen 77 direction [&hellip;]<\/p>\n","protected":false},"author":5,"featured_media":0,"parent":151,"menu_order":1,"comment_status":"closed","ping_status":"closed","template":"","meta":[],"_links":{"self":[{"href":"https:\/\/lofoten-ferienhaus.info\/en\/wp-json\/wp\/v2\/pages\/282"}],"collection":[{"href":"https:\/\/lofoten-ferienhaus.info\/en\/wp-json\/wp\/v2\/pages"}],"about":[{"href":"https:\/\/lofoten-ferienhaus.info\/en\/wp-json\/wp\/v2\/types\/page"}],"author":[{"embeddable":true,"href":"https:\/\/lofoten-ferienhaus.info\/en\/wp-json\/wp\/v2\/users\/5"}],"replies":[{"embeddable":true,"href":"https:\/\/lofoten-ferienhaus.info\/en\/wp-json\/wp\/v2\/comments?post=282"}],"version-history":[{"count":17,"href":"https:\/\/lofoten-ferienhaus.info\/en\/wp-json\/wp\/v2\/pages\/282\/revisions"}],"predecessor-version":[{"id":457,"href":"https:\/\/lofoten-ferienhaus.info\/en\/wp-json\/wp\/v2\/pages\/282\/revisions\/457"}],"up":[{"embeddable":true,"href":"https:\/\/lofoten-ferienhaus.info\/en\/wp-json\/wp\/v2\/pages\/151"}],"wp:attachment":[{"href":"https:\/\/lofoten-ferienhaus.info\/en\/wp-json\/wp\/v2\/media?parent=282"}],"curies":[{"name":"wp","href":"https:\/\/api.w.org\/{rel}","templated":true}]}}