{"id":159,"date":"2015-11-17T18:29:46","date_gmt":"2015-11-17T17:29:46","guid":{"rendered":"http:\/\/lofoten-ferienhaus.info\/wp\/?page_id=159"},"modified":"2022-01-09T09:25:22","modified_gmt":"2022-01-09T08:25:22","slug":"impressum","status":"publish","type":"page","link":"https:\/\/lofoten-ferienhaus.info\/en\/impressum\/","title":{"rendered":"Imprint"},"content":{"rendered":"<p>&nbsp;<\/p>\n<p>&nbsp;<\/p>\n<p>&nbsp;<\/p>\n<p><b>Inhaber der Seite:<\/b><\/p>\n<p>Peter Scheibe<\/p>\n<p>Steuer-Nummer: NO 991122885<\/p>\n<p>Finanzamt Norwegen<\/p>\n<p>E-Mail: <a href=\"mailto:pjscheibe@freenet.de?subject=Frage_von_Interessenten_f%C3%BCr_Ferienhaus\">pjscheibe@freenet.de<\/a><\/p>\n<p>&nbsp;<\/p>\n<p>&nbsp;<\/p>\n<p>Tel: 0047 \/ 90936542<\/p>\n<p>Tel: 0049 \/ 1728729633<\/p>\n<p>&nbsp;<\/p>\n<p>&nbsp;<\/p>\n<p><b>F\u00fcr den Inhalt dieser Webseite ist der Inhaber verantwortlich.<\/b><\/p>\n<p><b>F\u00fcr den Inhalte der verlinkten Seiten \u00fcbernimmt wir keine Verantwortung, da wir keinen Einfluss auf deren Inhalt haben.<\/b><\/p>\n<p>&nbsp;<\/p>\n<p>Gestaltung der Webseite:<\/p>\n<p><a href=\"http:\/\/www.askonzept.de\" target=\"_blank\" rel=\"noopener\">askonzept.de<\/a> Angela Schmidt 2015<\/p>\n<p>&nbsp;<\/p>","protected":false},"excerpt":{"rendered":"<p>&nbsp; &nbsp; &nbsp; Inhaber der Seite: Peter Scheibe Steuer-Nummer: NO 991122885 Finanzamt Norwegen E-Mail: pjscheibe@freenet.de &nbsp; &nbsp; Tel: 0047 \/ 90936542 Tel: 0049 \/ 1728729633 &nbsp; &nbsp; F\u00fcr den Inhalt dieser Webseite ist der Inhaber verantwortlich. F\u00fcr den Inhalte der verlinkten Seiten \u00fcbernimmt wir keine Verantwortung, da wir keinen Einfluss auf deren Inhalt haben. &nbsp; [&hellip;]<\/p>\n","protected":false},"author":5,"featured_media":0,"parent":0,"menu_order":0,"comment_status":"closed","ping_status":"closed","template":"","meta":[],"_links":{"self":[{"href":"https:\/\/lofoten-ferienhaus.info\/en\/wp-json\/wp\/v2\/pages\/159"}],"collection":[{"href":"https:\/\/lofoten-ferienhaus.info\/en\/wp-json\/wp\/v2\/pages"}],"about":[{"href":"https:\/\/lofoten-ferienhaus.info\/en\/wp-json\/wp\/v2\/types\/page"}],"author":[{"embeddable":true,"href":"https:\/\/lofoten-ferienhaus.info\/en\/wp-json\/wp\/v2\/users\/5"}],"replies":[{"embeddable":true,"href":"https:\/\/lofoten-ferienhaus.info\/en\/wp-json\/wp\/v2\/comments?post=159"}],"version-history":[{"count":11,"href":"https:\/\/lofoten-ferienhaus.info\/en\/wp-json\/wp\/v2\/pages\/159\/revisions"}],"predecessor-version":[{"id":738,"href":"https:\/\/lofoten-ferienhaus.info\/en\/wp-json\/wp\/v2\/pages\/159\/revisions\/738"}],"wp:attachment":[{"href":"https:\/\/lofoten-ferienhaus.info\/en\/wp-json\/wp\/v2\/media?parent=159"}],"curies":[{"name":"wp","href":"https:\/\/api.w.org\/{rel}","templated":true}]}}